{"id":1283,"date":"2024-02-13T12:54:08","date_gmt":"2024-02-13T11:54:08","guid":{"rendered":"https:\/\/mmtest1.top\/?post_type=product&#038;p=1283"},"modified":"2024-02-13T12:54:08","modified_gmt":"2024-02-13T11:54:08","slug":"revitalizacny-rozjasnujuci-gelkrem-na-oci-s-chladivym-ucinkom","status":"publish","type":"product","link":"https:\/\/mmtest1.top\/?product=revitalizacny-rozjasnujuci-gelkrem-na-oci-s-chladivym-ucinkom","title":{"rendered":"REVITALIZA\u010cN\u00dd &#038; ROZJAS\u0147UJ\u00daCI G\u00c9LKR\u00c9M NA O\u010cI S CHLADIV\u00ddM \u00da\u010cINKOM"},"content":{"rendered":"<p><strong>Revitaliza\u010dn\u00fd &amp; rozjas\u0148uj\u00faci g\u00e9lkr\u00e9m na o\u010dn\u00e9 okolie Majestic je \u0161peci\u00e1lne vytvoren\u00fd pre potreby poko\u017eky o\u010dn\u00e9ho okolia:<br \/>\n<\/strong>&gt; krehkej a n\u00e1chylnej k podr\u00e1\u017edeniu, za\u010dervenaniu,<br \/>\n&gt; citlivej a dehydratovanej so sklonom k tvorbe \u0161up\u00edn,<br \/>\n&gt; pozna\u010denej \u010dast\u00fdmi opuchmi a va\u010dkami,<br \/>\n&gt; unavenej a pozna\u010denej zn\u00e1mkami starnutia z oxidat\u00edvneho stresu,<br \/>\n&gt; s neestetick\u00fdmi tmav\u00fdmi kruhmi pod o\u010dami.<strong><\/p>\n<p>Obsahuje cenn\u00e9 l\u00e1tky ako:<br \/>\n<\/strong>&gt; extrakt z harman\u010deka r\u00edmskeho upokojuje, redukuje podr\u00e1\u017edenos\u0165 a za\u010dervenanie;<br \/>\n&gt; extrakt z aloe vera a uhorky \u00fa\u010dinne rehydratuje, prin\u00e1\u0161a okam\u017eit\u00fa \u00fa\u013eavu unaven\u00fdm o\u010diam, rozjas\u0148uje a revitalizuje o\u010dn\u00e9 okolie;<br \/>\n&gt; extrakt z chaluhy bublinatej a o\u010dianky rostkovovej dodaj\u00fa pleti potrebn\u00e9 \u017eiviny a zvy\u0161uj\u00fa jej bari\u00e9rov\u00fa schopnos\u0165;<br \/>\n&gt; pr\u00edrodn\u00fd kofe\u00edn a koenz\u00fdmom Q10 sa postaraj\u00fa o liftingov\u00fd efekt<br \/>\n&gt; rastlinn\u00fd glycer\u00edn funguje ako \u00fa\u010dinn\u00fd humektant a zabra\u0148uje vysu\u0161ovaniu a tvorbe \u0161up\u00edn;<\/p>\n<p><strong>VLASTNOSTI<\/strong><br \/>\n&gt; bezlepkov\u00fd, veg\u00e1nsky, bezlakt\u00f3zov\u00fd<br \/>\nBez GMO, sulf\u00e1tov, glykolov, silik\u00f3nov, ropn\u00fdch deriv\u00e1tov, \u017eivo\u010d\u00ed\u0161nych tukov, parab\u00e9nov a konzerva\u010dn\u00fdch l\u00e1tok, syntetick\u00fdch farb\u00edv a parfum\u00e1cie.<\/p>\n<p><strong>OBSAH<\/strong><br \/>\n30ml<\/p>\n<p><strong>ODPOR\u00da\u010cAME KOMBINOVA\u0164<\/strong><br \/>\nKr\u00e1\u013eovsk\u00fd o\u010dn\u00fd kr\u00e9m sa v\u00fdborne kombinuje s ostatn\u00fdmi v\u00fdrobkami navrhnut\u00fdmi na o\u0161etrenie pleti pod\u013ea jej typol\u00f3gie.<\/p>\n<p><strong>V\u00d4\u0147A V\u00ddROBKU<\/strong><br \/>\nG\u00e9lkr\u00e9m s jemn\u00fdm n\u00e1dychom v\u00f4ne uhorky.<\/p>\n<p><strong>FARBA V\u00ddROBKU<\/strong><br \/>\nV\u00fdrobok je transparentn\u00fd bez obsahu syntetick\u00fdch a miner\u00e1lnych farb\u00edv.<\/p>\n<p><strong>KONZISTENCIA V\u00ddROBKU<\/strong><br \/>\nPr\u00edjemne \u013eahk\u00e1, nemastn\u00e1 a nelepiv\u00e1 g\u00e9lovo \u2013 kr\u00e9mov\u00e1 konzistencia s r\u00fdchlou vstreb\u00e1vate\u013enos\u0165ou.<\/p>\n<p><strong>KONZERVA\u010cN\u00dd SYST\u00c9M V\u00ddROBKU A DOBA POU\u017dITIA<\/strong><br \/>\nKonzerva\u010dn\u00fd syst\u00e9m pozost\u00e1vaj\u00faci z akt\u00edvnych komponentov ako Sodium benzoate a Potassium sorbate \u00fa\u010dinne chr\u00e1nia v\u00fdrobok aj zdravie pou\u017e\u00edvate\u013ea. V\u0161etky obsiahnut\u00e9 l\u00e1tky s\u00fa bez GMO a nanomateri\u00e1lu a samozrejme netestovan\u00e9 na zvierat\u00e1ch.<br \/>\nPo otvoren\u00ed v\u00fdrobok odpor\u00fa\u010dame spotrebova\u0165 do 9 mesiacov.<\/p>\n<p><strong>OBAL V\u00ddROBKU A N\u00c1VRH NA RECYKL\u00c1CIU<\/strong><br \/>\nBezpe\u010dnos\u0165 z\u00e1kazn\u00edka je pre n\u00e1s prvorad\u00e1, preto, a tie\u017e pre zabezpe\u010denie komfortu pri pou\u017e\u00edvan\u00ed v\u00fdrobku, je samotn\u00fd v\u00fdrobok balen\u00fd v PET airless obale vyrobenom v E\u00da. Vzh\u013eadom na pr\u00edrodn\u00e9 zlo\u017eenie bez vysok\u00e9ho obsahu stabiliz\u00e1torov \u010di chemick\u00fdch konzervantov je zamedzenie kontaktu so vzduchom a zan\u00e1\u0161aniu bakt\u00e9ri\u00ed do obsahu v\u00fdrobku priamym kontaktom s poko\u017ekou ide\u00e1lne pre ochranu v\u00fdrobku.<br \/>\nUprednost\u0148ujeme recyklovan\u00e9 a recyklovate\u013en\u00e9 certifikovan\u00e9 obalov\u00e9 materi\u00e1ly, ktor\u00e9 s\u00fa schv\u00e1len\u00e9 na pou\u017eitie pre kozmetick\u00e9 v\u00fdrobky. K\u00fapou tohto produktu m\u00f4\u017eete prispie\u0165 k zni\u017eovaniu nadbyto\u010dn\u00e9ho odpadu aj vy a to jednoducho zapojen\u00edm sa do recykla\u010dn\u00e9ho programu Soaphoria alebo zodpovednou recykl\u00e1ciou v\u0161etk\u00fdch obalov\u00fdch materi\u00e1lov.<br \/>\nProdukt je dod\u00e1van\u00fd v zero waste papierovej krabi\u010dke, ktor\u00e1 obsahuje \u00fadaje o zlo\u017een\u00ed a aplik\u00e1cii a \u010fal\u0161ie z\u00e1konom stanoven\u00e9 inform\u00e1cie, ktor\u00e9 vzh\u013eadom na ve\u013ekos\u0165 produktu nie je mo\u017en\u00e9 umiestni\u0165 na obal priamo. Materi\u00e1l krabi\u010dky je opatren\u00fd eko-certifik\u00e1tmi FSC, CN, Green-e a Recycled Content, s papierovou etiketou potla\u010denou biologicky \u013eahko odb\u00farate\u013en\u00fdm farbivom. Obal v\u00fdrobku m\u00f4\u017eete po jeho spotrebovan\u00ed jednoducho skompostova\u0165, alebo vhodi\u0165 do modr\u00e9ho kontajnera ur\u010den\u00e9ho na zber papierov\u00e9ho trieden\u00e9ho odpadu.<br \/>\n\u010co znamenaj\u00fa jednotliv\u00e9 certifik\u00e1ty?<br \/>\n&gt; FSC (Forest Stewardship Council) &#8211; Zaru\u010duje, \u017ee drevo pou\u017eit\u00e9 na v\u00fdrobu papiera bolo vy\u0165a\u017een\u00e9 zodpovedne s oh\u013eadom na trval\u00fa udr\u017eate\u013enos\u0165 lesa, \u017eivotn\u00e9 prostredie a miestnu komunitu.<br \/>\n&gt; CN (Made Carbon Neutral) &#8211; Ozna\u010denie CN na\u010d\u00ed z\u00e1v\u00e4zok podporova\u0165 starostlivos\u0165 o na\u0161u kl\u00edmu a \u017eivotn\u00e9 prostredie prostredn\u00edctvom uhl\u00edkov\u00fdch kreditov alebo v\u00fdsadby plant\u00e1\u017e\u00ed, ktor\u00e9 s\u013eubuj\u00fa \u010fal\u0161ie zn\u00ed\u017eenie emisi\u00ed pod priamym doh\u013eadom nez\u00e1vislej in\u0161tit\u00facie.<br \/>\n&gt; Green-e &#8211; Pri v\u00fdrobe sa pou\u017e\u00edva v\u00fdhradne vetern\u00e1 energia \u0161etrn\u00e1 k na\u0161ej plan\u00e9te.<br \/>\n&gt; Recyklovan\u00fd pomer (Recycled content) &#8211; Na v\u00fdrobu \u0161katuliek sa vyu\u017e\u00edva tak vysok\u00e9 percento recyklovan\u00e9ho materi\u00e1lu, ako sa len d\u00e1.<\/p>\n<p><strong>APLIK\u00c1CIA<\/strong><br \/>\nPrimeran\u00e9 mno\u017estvo naneste na vy\u010disten\u00fa ple\u0165 v oblasti okolo o\u010d\u00ed a nechajte \u00faplne vstreba\u0165. Ur\u010den\u00e9 na ka\u017edodenn\u00e9 pou\u017eitie. Balenie s d\u00e1vkova\u010dom sl\u00fa\u017ei na presn\u00e9 d\u00e1vkovanie.<\/p>\n<p><strong>UPOZORNENIA<\/strong><br \/>\nLen na vonkaj\u0161ie pou\u017eitie. Uchov\u00e1vajte mimo dosahu det\u00ed. Skladujte na chladnom a suchom mieste a nevystavujte priamemu slne\u010dn\u00e9mu \u017eiareniu a mrazu. Nepou\u017e\u00edva\u0165 na otvoren\u00e9 rany. Vyhnite sa oblasti o\u010d\u00ed. Pri zasiahnut\u00ed o\u010d\u00ed vyplachujte vla\u017enou vodou po dobu minim\u00e1lne 15 min\u00fat bez preru\u0161enia smerom od vn\u00fatorn\u00e9ho k\u00fatika k vonkaj\u0161iemu (v pr\u00edpade nosenia kontaktn\u00fdch \u0161o\u0161oviek ich odstr\u00e1ni\u0165 vopred). Ak d\u00f4jde k podr\u00e1\u017edeniu, vyh\u013eadajte lek\u00e1rsku pomoc.<br \/>\nPred prv\u00fdm pou\u017eit\u00edm sa odpor\u00fa\u010da previes\u0165 tzv. Patch test, t. j. aplikova\u0165 a otestova\u0165 kozmetick\u00fd pr\u00edpravok na jeho zn\u00e1\u0161anlivos\u0165 na malej pl\u00f4\u0161ke poko\u017eky, najlep\u0161ie na z\u00e1p\u00e4st\u00ed a po\u010dka\u0165 24h. Touto met\u00f3dou sa m\u00f4\u017ee pred\u00eds\u0165 n\u00e1stupu alergick\u00fdch reakci\u00ed a precitlivenosti na dan\u00fd v\u00fdrobok. Ak po aplik\u00e1cii sa prejav\u00ed alergick\u00e1 reakcia, povrch poko\u017eky zmyte vla\u017enou vodou. V\u00fdrobok okam\u017eite presta\u0148te pou\u017e\u00edva\u0165. Ak alergick\u00e1 reakcia pretrv\u00e1 po dlh\u0161iu dobu vyh\u013eadajte lek\u00e1rsku pomoc.<\/p>\n<p><b>ZLO\u017dENIE<\/b><\/p>\n<p>Aloe Barbadensis Leaf Juice*, Glycerin, Xanthan Gum, Aloe Barbadensis Leaf Powder*, Fucus Vesiculosis Extract, Cucumis Sativus Extract*, Citric Acid, Ubiquinone, Caffeine*, Anthemis Nobilis Flower Extract*, Euphrasia Officinalis Extract*, Sodium Benzoate, Potassium Sorbate<\/p>\n<p>*certifikovan\u00e1 organick\u00e1 zlo\u017eka<\/p>\n","protected":false},"excerpt":{"rendered":"<p>&gt; navrhnut\u00fd \u0161peci\u00e1lne na o\u0161etrenie krehkej poko\u017eky o\u010dn\u00e9ho okolia<br \/>\n&gt; pre v\u0161etky vekov\u00e9 kateg\u00f3rie<br \/>\n&gt; jemn\u00e1, nemastn\u00e1 g\u00e9lovo-kr\u00e9mov\u00e1 konzistencia s r\u00fdchlou vstreb\u00e1vate\u013enos\u0165ou<br \/>\n&gt; hydratuje, osvie\u017euje a rozjas\u0148uje<br \/>\n&gt; expresn\u00e1 vstreb\u00e1vate\u013enos\u0165<br \/>\n&gt; regeneruje, stimuluje a eliminuje opuchy<br \/>\n&gt; zvl\u00e1\u010d\u0148uje, zjednocuje a vyp\u00edna<br \/>\n&gt; s jemne chladiv\u00fdm efektom<br \/>\n&gt; zlep\u0161uje celkov\u00fd vzh\u013ead a prispieva k udr\u017eaniu zdravo vyzeraj\u00faceho vzh\u013eadu<\/p>\n<p>30ml<\/p>\n","protected":false},"featured_media":1285,"comment_status":"open","ping_status":"closed","template":"","meta":{"site-sidebar-layout":"default","site-content-layout":"","ast-site-content-layout":"default","site-content-style":"default","site-sidebar-style":"default","ast-global-header-display":"","ast-banner-title-visibility":"","ast-main-header-display":"","ast-hfb-above-header-display":"","ast-hfb-below-header-display":"","ast-hfb-mobile-header-display":"","site-post-title":"","ast-breadcrumbs-content":"","ast-featured-img":"","footer-sml-layout":"","theme-transparent-header-meta":"default","adv-header-id-meta":"","stick-header-meta":"","header-above-stick-meta":"","header-main-stick-meta":"","header-below-stick-meta":"","astra-migrate-meta-layouts":"set","ast-page-background-enabled":"default","ast-page-background-meta":{"desktop":{"background-color":"var(--ast-global-color-4)","background-image":"","background-repeat":"repeat","background-position":"center center","background-size":"auto","background-attachment":"scroll","background-type":"","background-media":"","overlay-type":"","overlay-color":"","overlay-opacity":"","overlay-gradient":""},"tablet":{"background-color":"","background-image":"","background-repeat":"repeat","background-position":"center center","background-size":"auto","background-attachment":"scroll","background-type":"","background-media":"","overlay-type":"","overlay-color":"","overlay-opacity":"","overlay-gradient":""},"mobile":{"background-color":"","background-image":"","background-repeat":"repeat","background-position":"center center","background-size":"auto","background-attachment":"scroll","background-type":"","background-media":"","overlay-type":"","overlay-color":"","overlay-opacity":"","overlay-gradient":""}},"ast-content-background-meta":{"desktop":{"background-color":"var(--ast-global-color-5)","background-image":"","background-repeat":"repeat","background-position":"center center","background-size":"auto","background-attachment":"scroll","background-type":"","background-media":"","overlay-type":"","overlay-color":"","overlay-opacity":"","overlay-gradient":""},"tablet":{"background-color":"var(--ast-global-color-5)","background-image":"","background-repeat":"repeat","background-position":"center center","background-size":"auto","background-attachment":"scroll","background-type":"","background-media":"","overlay-type":"","overlay-color":"","overlay-opacity":"","overlay-gradient":""},"mobile":{"background-color":"var(--ast-global-color-5)","background-image":"","background-repeat":"repeat","background-position":"center center","background-size":"auto","background-attachment":"scroll","background-type":"","background-media":"","overlay-type":"","overlay-color":"","overlay-opacity":"","overlay-gradient":""}}},"product_cat":[32],"product_tag":[],"class_list":{"0":"post-1283","1":"product","2":"type-product","3":"status-publish","4":"has-post-thumbnail","6":"product_cat-pletove-kremy","7":"desktop-align-center","8":"tablet-align-center","9":"mobile-align-center","11":"first","12":"instock","13":"taxable","14":"shipping-taxable","15":"purchasable","16":"product-type-simple"},"_links":{"self":[{"href":"https:\/\/mmtest1.top\/index.php?rest_route=\/wp\/v2\/product\/1283","targetHints":{"allow":["GET"]}}],"collection":[{"href":"https:\/\/mmtest1.top\/index.php?rest_route=\/wp\/v2\/product"}],"about":[{"href":"https:\/\/mmtest1.top\/index.php?rest_route=\/wp\/v2\/types\/product"}],"replies":[{"embeddable":true,"href":"https:\/\/mmtest1.top\/index.php?rest_route=%2Fwp%2Fv2%2Fcomments&post=1283"}],"wp:featuredmedia":[{"embeddable":true,"href":"https:\/\/mmtest1.top\/index.php?rest_route=\/wp\/v2\/media\/1285"}],"wp:attachment":[{"href":"https:\/\/mmtest1.top\/index.php?rest_route=%2Fwp%2Fv2%2Fmedia&parent=1283"}],"wp:term":[{"taxonomy":"product_cat","embeddable":true,"href":"https:\/\/mmtest1.top\/index.php?rest_route=%2Fwp%2Fv2%2Fproduct_cat&post=1283"},{"taxonomy":"product_tag","embeddable":true,"href":"https:\/\/mmtest1.top\/index.php?rest_route=%2Fwp%2Fv2%2Fproduct_tag&post=1283"}],"curies":[{"name":"wp","href":"https:\/\/api.w.org\/{rel}","templated":true}]}}