{"id":1276,"date":"2024-02-13T12:41:39","date_gmt":"2024-02-13T11:41:39","guid":{"rendered":"https:\/\/mmtest1.top\/?post_type=product&#038;p=1276"},"modified":"2024-04-30T16:36:29","modified_gmt":"2024-04-30T14:36:29","slug":"obnovujuci-rozmaznavajuci-krem-na-suchu-a-starnucu-plet","status":"publish","type":"product","link":"https:\/\/mmtest1.top\/?product=obnovujuci-rozmaznavajuci-krem-na-suchu-a-starnucu-plet","title":{"rendered":"OBNOVUJ\u00daCI &#038; ROZMAZN\u00c1VAJ\u00daCI KR\u00c9M NA SUCH\u00da A STARN\u00daCU PLE\u0164"},"content":{"rendered":"<p><strong>Obnovuj\u00faci &amp; rozmazn\u00e1vaj\u00faci ple\u0165ov\u00fd kr\u00e9m Majestic je najlep\u0161ou vo\u013ebou pre dodanie v\u00fd\u017eivy a podporu anti &#8211; ageing efektu:<\/strong><br \/>\n&gt; krehkej a suchej pleti n\u00e1chylnej k podr\u00e1\u017edeniu a za\u010dervenaniu,<br \/>\n&gt; vystresovanej pleti s nerovnomern\u00fdm farebn\u00fdm t\u00f3nom,<br \/>\n&gt; norm\u00e1lnej dehydratovanej a \u0161upinatej<br \/>\n&gt; zrelej pleti pozna\u010denej zn\u00e1mkami starnutia s jemn\u00fdmi l\u00edniami<br \/>\n&gt; nam\u00e1hanej a po\u0161kodenej pleti so stratou elasticity.<\/p>\n<p><strong>Obsahuje cenn\u00e9 l\u00e1tky ako:<\/strong><br \/>\n&gt; ru\u017eov\u00fa vodu pre pocit blaha. Rozmazn\u00e1va a eliminuje vzniknut\u00e9 nap\u00e4tie, upokojuje za\u010dervenanie;<br \/>\n&gt; extrakt z egyptsk\u00e9ho jazm\u00ednu obnovuje t\u00f3nus;<br \/>\n&gt; koenz\u00fdm Q10 vypl\u0148uje a obmedzuje odb\u00faravanie kolag\u00e9nu.<br \/>\n&gt;\u00a0<a href=\"https:\/\/www.soaphoria.sk\/sk\/blog\/5_kyselina-hyaluronova.html\">kyselina hyalur\u00f3nov\u00e1<\/a>\u00a0pr\u00edrodzene zvlh\u010duje a vyv\u00edja anti-aging a regenera\u010dn\u00fd \u00fa\u010dinok;<br \/>\n&gt; olivov\u00fd skval\u00e9n zabra\u0148uje pred\u010dasn\u00e9mu starnutiu a obnovuje bunkov\u00fa \u0161trukt\u00faru.<br \/>\n&gt; silica zo slamienky talianskej podporuje mikrocirkul\u00e1ciu pleti a upravuje jej elasticitu.<strong><br \/>\n<\/strong><\/p>\n<div id=\"description\" class=\"tab-pane fade in active show\">\n<p><strong>VLASTNOSTI<\/strong><br \/>\n&gt; bezlepkov\u00fd, veg\u00e1nsky, bezlakt\u00f3zov\u00fd<br \/>\nBez GMO, sulf\u00e1tov, glykolov, silik\u00f3nov, ropn\u00fdch deriv\u00e1tov, \u017eivo\u010d\u00ed\u0161nych tukov, parab\u00e9nov a konzerva\u010dn\u00fdch l\u00e1tok, syntetick\u00fdch farb\u00edv a parfum\u00e1cie.<\/p>\n<p><strong>OBSAH<\/strong><br \/>\n50ml<\/p>\n<p><strong>ODPOR\u00da\u010cAME KOMBINOVA\u0164<\/strong><br \/>\nPle\u0165ov\u00fd kr\u00e9m Majestic sa v\u00fdborne kombinuje s ostatn\u00fdmi v\u00fdrobkami navrhnut\u00fdmi na o\u0161etrenie pleti pod\u013ea jej typol\u00f3gie. Uprednostnite minim\u00e1lne trojkrokov\u00fd syst\u00e9m o\u0161etrenia pozost\u00e1vaj\u00faceho z \u010distenia, toniz\u00e1cie a hydrat\u00e1cie\/v\u00fd\u017eivy. Zvo\u013ete vhodn\u00fd \u010distiaci v\u00fdrobok, n\u00e1sledne hydrol\u00e1tom do\u010distite ple\u0165 a o\u0161etrite kr\u00e9mom. Kr\u00e9m sa vhodne kombinuje so s\u00e9rami Majestic, ktor\u00e9 predstavuj\u00fa posledn\u00fd krok skr\u00e1\u0161\u013euj\u00facej rutiny. Ako doplnkov\u00fa starostlivos\u0165 si doprajte ple\u0165ov\u00fd peeling a masku.<\/p>\n<div class=\"product_second_section\">\n<div class=\"container\">\n<div class=\"row product_desc_block\">\n<div class=\"product_desc_column col-md-12\">\n<div class=\"bottom_more_info_block pro_more_info p-t-1 p-b-1 \">\n<div class=\"product_info_tabs sttab_block mobile_tab sttab_2 sttab_2_2 \">\n<div class=\"tab-content \">\n<div id=\"extra-4\" class=\"tab-pane active\" role=\"tabpanel\" aria-expanded=\"true\">\n<div class=\"tab-pane-body\">\n<section class=\"product-tab-details base_list_line medium_list\"><strong>V\u00d4\u0147A V\u00ddROBKU<\/strong><br \/>\nKr\u00e9m so zmyselnou vonnou kombin\u00e1ciou ru\u017ee a omamn\u00e9ho jazm\u00ednu.<strong>FARBA V\u00ddROBKU<\/strong><br \/>\nProdukt slonovinovej a\u017e slabo hnedej farby bez obsahu syntetick\u00fdch a miner\u00e1lnych farb\u00edv.<\/p>\n<p><strong>KONZISTENCIA V\u00ddROBKU<\/strong><br \/>\nLahodn\u00e1, nemastn\u00e1 a nelepiv\u00e1 konzistencia s vy\u0161\u0161ou hustotou a r\u00fdchlou vstreb\u00e1vate\u013enos\u0165ou dod\u00e1 pleti to, po \u010dom t\u00fa\u017ei.<\/p>\n<p><strong>KONZERVA\u010cN\u00dd SYST\u00c9M V\u00ddROBKU A DOBA POU\u017dITIA<\/strong><br \/>\nDermorganics\u00ae 1388 predstavuje patentovan\u00fd konzerva\u010dn\u00fd syst\u00e9m, ktor\u00fd \u00fa\u010dinne chr\u00e1ni v\u00fdrobok aj zdravie pou\u017e\u00edvate\u013ea. Jednotliv\u00e9 zlo\u017eky komplexu maj\u00fa p\u00f4vod v cukrovej trstine, badi\u00e1ne, s\u00f3ji \u010di kukurici. V\u0161etky obsiahnut\u00e9 l\u00e1tky s\u00fa rastlinn\u00e9ho p\u00f4vodu, bez GMO a nanomateri\u00e1lu a samozrejme netestovan\u00e9 na zvierat\u00e1ch.<br \/>\nPo otvoren\u00ed v\u00fdrobok odpor\u00fa\u010dame spotrebova\u0165 do 9 mesiacov.<\/p>\n<p><strong>OBAL V\u00ddROBKU A N\u00c1VRH NA RECYKL\u00c1CIU<\/strong><br \/>\nBezpe\u010dnos\u0165 z\u00e1kazn\u00edka je pre n\u00e1s prvorad\u00e1, preto, a tie\u017e pre zabezpe\u010denie komfortu pri pou\u017e\u00edvan\u00ed v\u00fdrobku, je samotn\u00fd v\u00fdrobok balen\u00fd v PET airless obale vyrobenom v E\u00da. Vzh\u013eadom na pr\u00edrodn\u00e9 zlo\u017eenie bez vysok\u00e9ho obsahu stabiliz\u00e1torov \u010di chemick\u00fdch konzervantov je zamedzenie kontaktu so vzduchom a zan\u00e1\u0161aniu bakt\u00e9ri\u00ed do obsahu v\u00fdrobku priamym kontaktom s poko\u017ekou ide\u00e1lne pre ochranu v\u00fdrobku.<br \/>\nUprednost\u0148ujeme recyklovan\u00e9 a recyklovate\u013en\u00e9 certifikovan\u00e9 obalov\u00e9 materi\u00e1ly, ktor\u00e9 s\u00fa schv\u00e1len\u00e9 na pou\u017eitie pre kozmetick\u00e9 v\u00fdrobky. K\u00fapou tohto produktu m\u00f4\u017eete prispie\u0165 k zni\u017eovaniu nadbyto\u010dn\u00e9ho odpadu aj vy a to jednoducho zapojen\u00edm sa do recykla\u010dn\u00e9ho programu Soaphoria alebo zodpovednou recykl\u00e1ciou v\u0161etk\u00fdch obalov\u00fdch materi\u00e1lov.<br \/>\nZistite viac o obalovej politike Soaphoria.V\u00fdrobok je balen\u00fd v zero waste papierovej krabi\u010dke opatrenej eko-certifik\u00e1tmi FSC, CN, Green-e a Recycled Content, s papierovou etiketou potla\u010denou biologicky \u013eahko odb\u00farate\u013en\u00fdm farbivom. Obal v\u00fdrobku m\u00f4\u017eete po jeho spotrebovan\u00ed jednoducho skompostova\u0165, alebo vhodi\u0165 do modr\u00e9ho kontajnera ur\u010den\u00e9ho na zber papierov\u00e9ho trieden\u00e9ho odpadu.<br \/>\n\u010co znamenaj\u00fa jednotliv\u00e9 certifik\u00e1ty?<br \/>\n&gt;\u00a0<a href=\"https:\/\/fsc.org\/en\">FSC<\/a>\u00a0(Forest Stewardship Council) &#8211; Zaru\u010duje, \u017ee drevo pou\u017eit\u00e9 na v\u00fdrobu papiera bolo vy\u0165a\u017een\u00e9 zodpovedne s oh\u013eadom na trval\u00fa udr\u017eate\u013enos\u0165 lesa, \u017eivotn\u00e9 prostredie a miestnu komunitu.<br \/>\n&gt;\u00a0<a href=\"https:\/\/www.carbonneutral.com\/\">CN<\/a>\u00a0(Made Carbon Neutral) &#8211; Ozna\u010denie CN zna\u010d\u00ed z\u00e1v\u00e4zok podporova\u0165 starostlivos\u0165 o na\u0161u kl\u00edmu a \u017eivotn\u00e9 prostredie prostredn\u00edctvom uhl\u00edkov\u00fdch kreditov alebo v\u00fdsadby plant\u00e1\u017e\u00ed, ktor\u00e9 s\u013eubuj\u00fa \u010fal\u0161ie zn\u00ed\u017eenie emisi\u00ed pod priamym doh\u013eadom nez\u00e1vislej in\u0161tit\u00facie.<br \/>\n&gt;\u00a0<a href=\"https:\/\/www.green-e.org\/\">Green-e<\/a>\u00a0&#8211; Pri v\u00fdrobe sa pou\u017e\u00edva v\u00fdhradne vetern\u00e1 energia \u0161etrn\u00e1 k na\u0161ej plan\u00e9te.<br \/>\n&gt;\u00a0<a href=\"https:\/\/www.scsglobalservices.com\/services\/recycled-content-certification\">Recyklovan\u00fd pomer\u00a0<\/a>(Recycled content) &#8211; Na v\u00fdrobu \u0161katuliek sa vyu\u017e\u00edva tak vysok\u00e9 percento recyklovan\u00e9ho materi\u00e1lu, ako sa len d\u00e1.<\/p>\n<p><img decoding=\"async\" src=\"https:\/\/www.soaphoria.sk\/img\/cms\/certifikaty-krabicky(1).jpg\" alt=\"certifikaty-krabicky.jpg\" width=\"166\" height=\"41\" \/><\/p>\n<p><strong>APLIK\u00c1CIA<\/strong><br \/>\nPrimeran\u00e9 mno\u017estvo ple\u0165ov\u00e9ho kr\u00e9mu naneste prstami na vy\u010disten\u00e9 \u010delo, l\u00edca a bradu. O\u0161etri\u0165 m\u00f4\u017eete aj krk a dekolt. Jemne kr\u00fa\u017eiv\u00fdmi pohybmi za\u010dnite s mas\u00e1\u017eou na okrajoch nosa a postupujte cez l\u00edca smerom k u\u0161iam. Pokra\u010dujte po oboch stran\u00e1ch pozd\u013a\u017e \u010de\u013eusti k brade. Na z\u00e1ver prejdite po \u013eavej strane brady ni\u017e\u0161ie na krk a dekolt.<\/p>\n<p><strong>UPOZORNENIA<\/strong><br \/>\nLen na vonkaj\u0161ie pou\u017eitie. Uchov\u00e1vajte mimo dosahu det\u00ed. Skladujte na chladnom a suchom mieste a nevystavujte priamemu slne\u010dn\u00e9mu \u017eiareniu a mrazu. Nepou\u017e\u00edva\u0165 na otvoren\u00e9 rany. Vyhnite sa oblasti o\u010d\u00ed. Pri zasiahnut\u00ed o\u010d\u00ed vyplachujte vla\u017enou vodou po dobu minim\u00e1lne 15 min\u00fat bez preru\u0161enia smerom od vn\u00fatorn\u00e9ho k\u00fatika k vonkaj\u0161iemu (v pr\u00edpade nosenia kontaktn\u00fdch \u0161o\u0161oviek ich odstr\u00e1ni\u0165 vopred). Ak d\u00f4jde k podr\u00e1\u017edeniu, vyh\u013eadajte lek\u00e1rsku pomoc.<br \/>\nPred prv\u00fdm pou\u017eit\u00edm sa odpor\u00fa\u010da previes\u0165 tzv. Patch test, t. j. aplikova\u0165 a otestova\u0165 kozmetick\u00fd pr\u00edpravok na jeho zn\u00e1\u0161anlivos\u0165 na malej pl\u00f4\u0161ke poko\u017eky, najlep\u0161ie na z\u00e1p\u00e4st\u00ed a po\u010dka\u0165 24h. Touto met\u00f3dou sa m\u00f4\u017ee pred\u00eds\u0165 n\u00e1stupu alergick\u00fdch reakci\u00ed a precitlivenosti na dan\u00fd v\u00fdrobok. Ak po aplik\u00e1cii sa prejav\u00ed alergick\u00e1 reakcia, povrch poko\u017eky zmyte vla\u017enou vodou. V\u00fdrobok okam\u017eite presta\u0148te pou\u017e\u00edva\u0165. Ak alergick\u00e1 reakcia pretrv\u00e1 po dlh\u0161iu dobu vyh\u013eadajte lek\u00e1rsku pomoc.<\/p>\n<p><strong>ZLO\u017dENIE<\/strong><br \/>\nRosa Damascena Flower Water (ru\u017ea damasc\u00e9nska)*, Caprylic\/Capric Triglyceride Oil (frakcionovan\u00fd kokosov\u00fd olej), Punica Granatum Seed Oil (olej zo semien gran\u00e1tovn\u00edka)*, Vitis Vinifera Seed Oil (olej z hroznov\u00fdch jadier)*, Glyceryl Stearate (emulzifika\u010dn\u00e1 zlo\u017eka), Glycerin (glycer\u00edn rastlinn\u00e9ho p\u00f4vodu), Squalane (skval\u00e9n)*, Ubiquinone (koenz\u00fdm Q10), Sodium Hyaluronate (kyselina hyalur\u00f3nov\u00e1), Cetyl Alcohol (emulga\u010dn\u00e1 zlo\u017eka rastlinn\u00e9ho p\u00f4vodu), Stearic Acid (emulga\u010dn\u00e1 zlo\u017eka rastlinn\u00e9ho p\u00f4vodu), Tocopheryl Acetate (antioxidant, Vitam\u00edn E), Jasminum Officinale Flower Extract (jazm\u00edn lek\u00e1rsky)*, Rosa Damascena Flower Oil (ru\u017ea damasc\u00e9nska)*, Helichrysum Italicum Flower Oil (slamienka talianska)*, dermorganics\u00ae 1388 (Sodium Levulinate, Sodium Anisate, Glycerin, Aqua), Citral***, Eugenol***, Geraniol***, Farnesol***, Linalool***, Citronellol***<br \/>\n*certifikovan\u00e1 organick\u00e1 zlo\u017eka<br \/>\n***vyskytuj\u00face sa prirodzene v esenci\u00e1lnych olejoch a pr\u00edrodn\u00fdch v\u00f4\u0148ach<\/p>\n<\/section>\n<\/div>\n<\/div>\n<\/div>\n<\/div>\n<\/div>\n<\/div>\n<\/div>\n<\/div>\n<\/div>\n<div class=\"product_third_section\">\n<div class=\"container\">\n<div id=\"crossselling_products_container\" class=\"crossselling_products_container block products_container\">\n<section class=\"products_section\">\n<div class=\"products_slider\">\n<div class=\"title_block flex_container title_align_0 title_style_1\"><\/div>\n<\/div>\n<\/section>\n<\/div>\n<\/div>\n<\/div>\n<\/div>\n","protected":false},"excerpt":{"rendered":"<p>&gt; navrhnut\u00fd pre v\u0161etky typy pleti, \u0161peci\u00e1lne pre potreby zrelej a suchej, ve\u013emi dehydratovanej a \u0161upinatej pleti<br \/>\n&gt; pre vekov\u00fa kateg\u00f3riu 30+<br \/>\n&gt; vhodn\u00fd ako denn\u00fd aj no\u010dn\u00fd kr\u00e9m<br \/>\n&gt; hutnej\u0161ia, av\u0161ak nemastn\u00e1 a nelepiv\u00e1 konzistencia s r\u00fdchlou vstreb\u00e1vate\u013enos\u0165ou<br \/>\n&gt; adekv\u00e1tne vy\u017eivuje a hydratuje, dod\u00e1va \u017eiviny<br \/>\n&gt; regeneruje a poskytuje \u00fa\u013eavu od pnutia, za\u010dervenania a nezdrav\u00fdch prejavov pleti<br \/>\n&gt; zjem\u0148uje, zvl\u00e1\u010d\u0148uje, ale neupch\u00e1va p\u00f3ry<br \/>\n&gt; spev\u0148uje, zlep\u0161uje elasticitu pleti a vypl\u0148uje<br \/>\n&gt; zjednocuje farebn\u00fd t\u00f3n a obnovuje text\u00faru<br \/>\n&gt; zlep\u0161uje celkov\u00fd vzh\u013ead pleti a prispieva k udr\u017eaniu jej zdravo vyzeraj\u00faceho vzh\u013eadu<\/p>\n","protected":false},"featured_media":1277,"comment_status":"open","ping_status":"closed","template":"","meta":{"site-sidebar-layout":"default","site-content-layout":"","ast-site-content-layout":"default","site-content-style":"default","site-sidebar-style":"default","ast-global-header-display":"","ast-banner-title-visibility":"","ast-main-header-display":"","ast-hfb-above-header-display":"","ast-hfb-below-header-display":"","ast-hfb-mobile-header-display":"","site-post-title":"","ast-breadcrumbs-content":"","ast-featured-img":"","footer-sml-layout":"","theme-transparent-header-meta":"default","adv-header-id-meta":"","stick-header-meta":"","header-above-stick-meta":"","header-main-stick-meta":"","header-below-stick-meta":"","astra-migrate-meta-layouts":"set","ast-page-background-enabled":"default","ast-page-background-meta":{"desktop":{"background-color":"var(--ast-global-color-4)","background-image":"","background-repeat":"repeat","background-position":"center center","background-size":"auto","background-attachment":"scroll","background-type":"","background-media":"","overlay-type":"","overlay-color":"","overlay-opacity":"","overlay-gradient":""},"tablet":{"background-color":"","background-image":"","background-repeat":"repeat","background-position":"center center","background-size":"auto","background-attachment":"scroll","background-type":"","background-media":"","overlay-type":"","overlay-color":"","overlay-opacity":"","overlay-gradient":""},"mobile":{"background-color":"","background-image":"","background-repeat":"repeat","background-position":"center center","background-size":"auto","background-attachment":"scroll","background-type":"","background-media":"","overlay-type":"","overlay-color":"","overlay-opacity":"","overlay-gradient":""}},"ast-content-background-meta":{"desktop":{"background-color":"var(--ast-global-color-5)","background-image":"","background-repeat":"repeat","background-position":"center center","background-size":"auto","background-attachment":"scroll","background-type":"","background-media":"","overlay-type":"","overlay-color":"","overlay-opacity":"","overlay-gradient":""},"tablet":{"background-color":"var(--ast-global-color-5)","background-image":"","background-repeat":"repeat","background-position":"center center","background-size":"auto","background-attachment":"scroll","background-type":"","background-media":"","overlay-type":"","overlay-color":"","overlay-opacity":"","overlay-gradient":""},"mobile":{"background-color":"var(--ast-global-color-5)","background-image":"","background-repeat":"repeat","background-position":"center center","background-size":"auto","background-attachment":"scroll","background-type":"","background-media":"","overlay-type":"","overlay-color":"","overlay-opacity":"","overlay-gradient":""}}},"product_cat":[32],"product_tag":[],"class_list":{"0":"post-1276","1":"product","2":"type-product","3":"status-publish","4":"has-post-thumbnail","6":"product_cat-pletove-kremy","7":"desktop-align-center","8":"tablet-align-center","9":"mobile-align-center","11":"first","12":"instock","13":"taxable","14":"shipping-taxable","15":"purchasable","16":"product-type-simple"},"_links":{"self":[{"href":"https:\/\/mmtest1.top\/index.php?rest_route=\/wp\/v2\/product\/1276","targetHints":{"allow":["GET"]}}],"collection":[{"href":"https:\/\/mmtest1.top\/index.php?rest_route=\/wp\/v2\/product"}],"about":[{"href":"https:\/\/mmtest1.top\/index.php?rest_route=\/wp\/v2\/types\/product"}],"replies":[{"embeddable":true,"href":"https:\/\/mmtest1.top\/index.php?rest_route=%2Fwp%2Fv2%2Fcomments&post=1276"}],"wp:featuredmedia":[{"embeddable":true,"href":"https:\/\/mmtest1.top\/index.php?rest_route=\/wp\/v2\/media\/1277"}],"wp:attachment":[{"href":"https:\/\/mmtest1.top\/index.php?rest_route=%2Fwp%2Fv2%2Fmedia&parent=1276"}],"wp:term":[{"taxonomy":"product_cat","embeddable":true,"href":"https:\/\/mmtest1.top\/index.php?rest_route=%2Fwp%2Fv2%2Fproduct_cat&post=1276"},{"taxonomy":"product_tag","embeddable":true,"href":"https:\/\/mmtest1.top\/index.php?rest_route=%2Fwp%2Fv2%2Fproduct_tag&post=1276"}],"curies":[{"name":"wp","href":"https:\/\/api.w.org\/{rel}","templated":true}]}}