{"id":1249,"date":"2023-12-14T22:39:43","date_gmt":"2023-12-14T21:39:43","guid":{"rendered":"https:\/\/mmtest1.top\/?post_type=product&#038;p=1249"},"modified":"2023-12-14T22:39:43","modified_gmt":"2023-12-14T21:39:43","slug":"klanopraska-tinktura-z-bylin","status":"publish","type":"product","link":"https:\/\/mmtest1.top\/?product=klanopraska-tinktura-z-bylin","title":{"rendered":"Klanopra\u0161ka \u2013 tinkt\u00fara z byl\u00edn"},"content":{"rendered":"<div class=\"flex bg-white py-32px items-center pr-100px border border-EBE9E6 rounded-sm mb-24px ml-28px mob:flex-col mob:items-start mob:pr-24px mob:hidden\">\n<h3 class=\"w-full flex items-center text-green text-h2 font-bold -ml-28px leading-7 pr-28px mob:pr-0 mob:w-auto mob:mb-16px\"><span class=\"rounded-full bg-FAFAF9 border border-EBE9E6 mr-16px flex flex-shrink-0 w-55px h-55px text-green font-bold text-22 items-center justify-center\">1.<\/span>Priaznivo p\u00f4sob\u00ed proti stresu.<\/h3>\n<div class=\"w-full pl-28px mob:pl-45px\">Klanopra\u0161ka \u010d\u00ednska pom\u00e1ha pri p\u00f4soben\u00ed stresu a prispieva k ment\u00e1lnej pohode.<\/div>\n<\/div>\n<div class=\"flex bg-white py-32px items-center pr-100px border border-EBE9E6 rounded-sm mb-24px ml-28px mob:flex-col mob:items-start mob:pr-24px mob:hidden\">\n<h3 class=\"w-full flex items-center text-green text-h2 font-bold -ml-28px leading-7 pr-28px mob:pr-0 mob:w-auto mob:mb-16px\"><span class=\"rounded-full bg-FAFAF9 border border-EBE9E6 mr-16px flex flex-shrink-0 w-55px h-55px text-green font-bold text-22 items-center justify-center\">2.<\/span>Prispieva k spr\u00e1vnemu tr\u00e1veniu.<\/h3>\n<div class=\"w-full pl-28px mob:pl-45px\">Klanopra\u0161ka prispieva k spr\u00e1vnemu tr\u00e1veniu.<\/div>\n<\/div>\n<div class=\"flex bg-white py-32px items-center pr-100px border border-EBE9E6 rounded-sm mb-24px ml-28px mob:flex-col mob:items-start mob:pr-24px mob:hidden\">\n<h3 class=\"w-full flex items-center text-green text-h2 font-bold -ml-28px leading-7 pr-28px mob:pr-0 mob:w-auto mob:mb-16px\"><span class=\"rounded-full bg-FAFAF9 border border-EBE9E6 mr-16px flex flex-shrink-0 w-55px h-55px text-green font-bold text-22 items-center justify-center\">3.<\/span>Napom\u00e1ha pri norm\u00e1lnej \u010dinnosti pe\u010dene.<\/h3>\n<div class=\"w-full pl-28px mob:pl-45px\">Klanopra\u0161ka napom\u00e1ha k norm\u00e1lnej \u010dinnosti pe\u010dene a k pre\u010disteniu organizmu.<\/div>\n<\/div>\n<div class=\"flex bg-white py-32px items-center pr-100px border border-EBE9E6 rounded-sm mb-24px ml-28px mob:flex-col mob:items-start mob:pr-24px mob:hidden\">\n<h3 class=\"w-full flex items-center text-green text-h2 font-bold -ml-28px leading-7 pr-28px mob:pr-0 mob:w-auto mob:mb-16px\"><span class=\"rounded-full bg-FAFAF9 border border-EBE9E6 mr-16px flex flex-shrink-0 w-55px h-55px text-green font-bold text-22 items-center justify-center\">4.<\/span>P\u00f4sob\u00ed ako pr\u00edrodn\u00fd antioxidant.<\/h3>\n<div class=\"w-full pl-28px mob:pl-45px\">Klanopra\u0161ka p\u00f4sob\u00ed aj ako pr\u00edrodn\u00fd antioxidant.<\/div>\n<\/div>\n<div class=\"flex bg-white py-32px items-center pr-100px border border-EBE9E6 rounded-sm mb-24px ml-28px mob:flex-col mob:items-start mob:pr-24px mob:hidden\">\n<h3 class=\"w-full flex items-center text-green text-h2 font-bold -ml-28px leading-7 pr-28px mob:pr-0 mob:w-auto mob:mb-16px\"><span class=\"rounded-full bg-FAFAF9 border border-EBE9E6 mr-16px flex flex-shrink-0 w-55px h-55px text-green font-bold text-22 items-center justify-center\">5.<\/span>Napom\u00e1ha spr\u00e1vnemu fungovaniu d\u00fdchacieho syst\u00e9mu.<\/h3>\n<div class=\"w-full pl-28px mob:pl-45px\">Klanopr\u00e1\u0161ka napom\u00e1ha spr\u00e1vnemu fungovaniu d\u00fdchacieho syst\u00e9mu.<\/div>\n<div>\n<div class=\"flex border-b border-EBE9E6 border-dashed pb-24px mt-24px mob:flex-col\">\n<div class=\"flex-grow mob:border-b mob:border-EBE9E6 mob:border-dashed mob:pb-16px mob:mb-24px mr-28px\">\n<h3 class=\"font-semibold text-24 mb-16px\">EAN<\/h3>\n<div class=\"text-16\">8595634801618<\/div>\n<\/div>\n<\/div>\n<div class=\"flex border-b border-EBE9E6 border-dashed pb-24px mt-24px mob:flex-col\">\n<div class=\"flex-grow mob:border-b mob:border-EBE9E6 mob:border-dashed mob:pb-16px mob:mb-24px mr-28px\">\n<h3 class=\"font-semibold text-24 mb-16px\">Objem<\/h3>\n<div class=\"text-16\">50 ml<\/div>\n<\/div>\n<div class=\"flex-grow\">\n<h3 class=\"font-semibold text-24 mb-16px\">Zlo\u017eenie<\/h3>\n<div class=\"text-16\">destilovan\u00e1 voda, etanol (l\u00fahovitos\u0165 40 %), extrakt z plodu klanopra\u0161ky \u010d\u00ednskej, 0,5g v 50ml pr\u00edpravku<\/div>\n<\/div>\n<\/div>\n<div class=\"flex mob:border-transparent py-24px\">\n<div class=\"flex-grow\">\n<h3 class=\"font-semibold text-24 mb-16px\">D\u00e1vkovanie<\/h3>\n<div class=\"text-16 markdown-body\">\n<h4><span class=\"Y2IQFc\" lang=\"sk\">3\u00d7 denne pred jedlom 10 kvapiek do mal\u00e9ho mno\u017estva vody a vypi\u0165<\/span><\/h4>\n<\/div>\n<\/div>\n<\/div>\n<\/div>\n<\/div>\n","protected":false},"excerpt":{"rendered":"<div class=\"font-semibold text-16 text-black mb-16px\">50 ml<\/div>\n<div class=\"leading-6 text-16\">\n<h4>ment\u00e1lna pohoda, stres, tr\u00e1venie, pe\u010de\u0148<\/h4>\n<\/div>\n","protected":false},"featured_media":1250,"comment_status":"open","ping_status":"closed","template":"","meta":{"site-sidebar-layout":"default","site-content-layout":"","ast-site-content-layout":"default","site-content-style":"default","site-sidebar-style":"default","ast-global-header-display":"","ast-banner-title-visibility":"","ast-main-header-display":"","ast-hfb-above-header-display":"","ast-hfb-below-header-display":"","ast-hfb-mobile-header-display":"","site-post-title":"","ast-breadcrumbs-content":"","ast-featured-img":"","footer-sml-layout":"","theme-transparent-header-meta":"default","adv-header-id-meta":"","stick-header-meta":"","header-above-stick-meta":"","header-main-stick-meta":"","header-below-stick-meta":"","astra-migrate-meta-layouts":"set","ast-page-background-enabled":"default","ast-page-background-meta":{"desktop":{"background-color":"var(--ast-global-color-4)","background-image":"","background-repeat":"repeat","background-position":"center center","background-size":"auto","background-attachment":"scroll","background-type":"","background-media":"","overlay-type":"","overlay-color":"","overlay-opacity":"","overlay-gradient":""},"tablet":{"background-color":"","background-image":"","background-repeat":"repeat","background-position":"center center","background-size":"auto","background-attachment":"scroll","background-type":"","background-media":"","overlay-type":"","overlay-color":"","overlay-opacity":"","overlay-gradient":""},"mobile":{"background-color":"","background-image":"","background-repeat":"repeat","background-position":"center center","background-size":"auto","background-attachment":"scroll","background-type":"","background-media":"","overlay-type":"","overlay-color":"","overlay-opacity":"","overlay-gradient":""}},"ast-content-background-meta":{"desktop":{"background-color":"var(--ast-global-color-5)","background-image":"","background-repeat":"repeat","background-position":"center center","background-size":"auto","background-attachment":"scroll","background-type":"","background-media":"","overlay-type":"","overlay-color":"","overlay-opacity":"","overlay-gradient":""},"tablet":{"background-color":"var(--ast-global-color-5)","background-image":"","background-repeat":"repeat","background-position":"center center","background-size":"auto","background-attachment":"scroll","background-type":"","background-media":"","overlay-type":"","overlay-color":"","overlay-opacity":"","overlay-gradient":""},"mobile":{"background-color":"var(--ast-global-color-5)","background-image":"","background-repeat":"repeat","background-position":"center center","background-size":"auto","background-attachment":"scroll","background-type":"","background-media":"","overlay-type":"","overlay-color":"","overlay-opacity":"","overlay-gradient":""}}},"product_cat":[60],"product_tag":[],"class_list":{"0":"post-1249","1":"product","2":"type-product","3":"status-publish","4":"has-post-thumbnail","6":"product_cat-tinktury-z-bylin","7":"desktop-align-center","8":"tablet-align-center","9":"mobile-align-center","11":"first","12":"instock","13":"taxable","14":"shipping-taxable","15":"purchasable","16":"product-type-simple"},"_links":{"self":[{"href":"https:\/\/mmtest1.top\/index.php?rest_route=\/wp\/v2\/product\/1249","targetHints":{"allow":["GET"]}}],"collection":[{"href":"https:\/\/mmtest1.top\/index.php?rest_route=\/wp\/v2\/product"}],"about":[{"href":"https:\/\/mmtest1.top\/index.php?rest_route=\/wp\/v2\/types\/product"}],"replies":[{"embeddable":true,"href":"https:\/\/mmtest1.top\/index.php?rest_route=%2Fwp%2Fv2%2Fcomments&post=1249"}],"wp:featuredmedia":[{"embeddable":true,"href":"https:\/\/mmtest1.top\/index.php?rest_route=\/wp\/v2\/media\/1250"}],"wp:attachment":[{"href":"https:\/\/mmtest1.top\/index.php?rest_route=%2Fwp%2Fv2%2Fmedia&parent=1249"}],"wp:term":[{"taxonomy":"product_cat","embeddable":true,"href":"https:\/\/mmtest1.top\/index.php?rest_route=%2Fwp%2Fv2%2Fproduct_cat&post=1249"},{"taxonomy":"product_tag","embeddable":true,"href":"https:\/\/mmtest1.top\/index.php?rest_route=%2Fwp%2Fv2%2Fproduct_tag&post=1249"}],"curies":[{"name":"wp","href":"https:\/\/api.w.org\/{rel}","templated":true}]}}