{"id":1209,"date":"2023-12-11T20:06:27","date_gmt":"2023-12-11T19:06:27","guid":{"rendered":"https:\/\/mmtest1.top\/?post_type=product&#038;p=1209"},"modified":"2023-12-11T20:21:03","modified_gmt":"2023-12-11T19:21:03","slug":"vsetky-hodnotenia-klby-a-chrbtica-cajovy-koncentrat","status":"publish","type":"product","link":"https:\/\/mmtest1.top\/?product=vsetky-hodnotenia-klby-a-chrbtica-cajovy-koncentrat","title":{"rendered":"K\u013aby a chrbtica &#8211; \u010dajov\u00fd koncentr\u00e1t"},"content":{"rendered":"<h2 class=\"text-green text-h32 font-bold mb-24px\">Ako pr\u00edpravok p\u00f4sob\u00ed<\/h2>\n<pre class=\"leading-6 mb-16px font-minion\">Viac o \u010dajovom koncentr\u00e1te K\u013aby a chrbtica bez cukru a farb\u00edv sa dozviete ni\u017e\u0161ie:<\/pre>\n<div class=\"flex bg-white py-32px items-center pr-100px border border-EBE9E6 rounded-sm mb-24px ml-28px mob:flex-col mob:items-start mob:pr-24px mob:hidden\">\n<h3 class=\"w-full flex items-center text-green text-h2 font-bold -ml-28px leading-7 pr-28px mob:pr-0 mob:w-auto mob:mb-16px\"><span class=\"rounded-full bg-FAFAF9 border border-EBE9E6 mr-16px flex flex-shrink-0 w-55px h-55px text-green font-bold text-22 items-center justify-center\">1.<\/span>P\u00f4sob\u00ed pri bolestiach a z\u00e1paloch k\u013abov \u010di chrbtice (artr\u00f3za, artrit\u00edda).<\/h3>\n<div class=\"w-full pl-28px mob:pl-45px\">Baza \u010dierna a Breza podporuj\u00fa prirodzen\u00fd stav k\u013abov.<\/div>\n<\/div>\n<div class=\"flex bg-white py-32px items-center pr-100px border border-EBE9E6 rounded-sm mb-24px ml-28px mob:flex-col mob:items-start mob:pr-24px mob:hidden\">\n<h3 class=\"w-full flex items-center text-green text-h2 font-bold -ml-28px leading-7 pr-28px mob:pr-0 mob:w-auto mob:mb-16px\"><span class=\"rounded-full bg-FAFAF9 border border-EBE9E6 mr-16px flex flex-shrink-0 w-55px h-55px text-green font-bold text-22 items-center justify-center\">2.<\/span>V\u00fdborne p\u00f4sob\u00ed na kosti a chrupavky.<\/h3>\n<div class=\"w-full pl-28px mob:pl-45px\">Prasli\u010dka v\u0148a\u0165 podporuje stav kost\u00ed, chrupavky a pohybov\u00e9ho apar\u00e1tu.<\/div>\n<\/div>\n<div class=\"flex bg-white py-32px items-center pr-100px border border-EBE9E6 rounded-sm mb-24px ml-28px mob:flex-col mob:items-start mob:pr-24px mob:hidden\">\n<h3 class=\"w-full flex items-center text-green text-h2 font-bold -ml-28px leading-7 pr-28px mob:pr-0 mob:w-auto mob:mb-16px\"><span class=\"rounded-full bg-FAFAF9 border border-EBE9E6 mr-16px flex flex-shrink-0 w-55px h-55px text-green font-bold text-22 items-center justify-center\">3.<\/span>Napom\u00e1ha aj pri z\u00e1pale Trojklan\u00e9ho nervu.<\/h3>\n<div class=\"w-full pl-28px mob:pl-45px\">Byliny v \u0148om obsiahnut\u00e9 pozit\u00edvne p\u00f4sobia na chronick\u00e9 z\u00e1paly nervov ved\u00facich z chrbtice, ale i na z\u00e1pal trojklan\u00e9ho nervu.<\/div>\n<\/div>\n<div class=\"flex bg-white py-32px items-center pr-100px border border-EBE9E6 rounded-sm mb-24px ml-28px mob:flex-col mob:items-start mob:pr-24px mob:hidden\">\n<h3 class=\"w-full flex items-center text-green text-h2 font-bold -ml-28px leading-7 pr-28px mob:pr-0 mob:w-auto mob:mb-16px\"><span class=\"rounded-full bg-FAFAF9 border border-EBE9E6 mr-16px flex flex-shrink-0 w-55px h-55px text-green font-bold text-22 items-center justify-center\">4.<\/span>Napom\u00e1ha pri lie\u010dbe ostr\u00f4h a n\u00e1rastkov.<\/h3>\n<p class=\"w-full pl-28px mob:pl-45px\">Koncentr\u00e1t je vhodn\u00fd i pri svalov\u00fdch bolestiach, bolestiach Achillovej \u0161\u013eachy, tzv. ostroh\u00e1ch a n\u00e1rastkoch.<\/p>\n<div class=\"flex border-b border-EBE9E6 border-dashed pb-24px mt-24px mob:flex-col\">\n<div class=\"flex-grow mob:border-b mob:border-EBE9E6 mob:border-dashed mob:pb-16px mob:mb-24px mr-28px\">\n<h3 class=\"font-semibold text-24 mb-16px\">EAN<\/h3>\n<div class=\"text-16\">8595634801052<\/div>\n<\/div>\n<\/div>\n<div class=\"flex border-b border-EBE9E6 border-dashed pb-24px mt-24px mob:flex-col\">\n<div class=\"flex-grow mob:border-b mob:border-EBE9E6 mob:border-dashed mob:pb-16px mob:mb-24px mr-28px\">\n<h3 class=\"font-semibold text-24 mb-16px\">Objem<\/h3>\n<div class=\"text-16\">250 ml<\/div>\n<\/div>\n<div class=\"flex-grow\">\n<h3 class=\"font-semibold text-24 mb-16px\">Zlo\u017eenie<\/h3>\n<div class=\"text-16\">baza \u010dierna plod, pamajor\u00e1n oby\u010dajn\u00fd v\u0148a\u0165, breza previsnut\u00e1 list, \u017eih\u013eava dvojdom\u00e1 v\u0148a\u0165, prasli\u010dka ro\u013en\u00e1 v\u0148a\u0165, \u013eubovn\u00edk bodkovan\u00fd v\u0148a\u0165, jabl\u010dn\u00fd koncentr\u00e1t<\/div>\n<\/div>\n<\/div>\n<div class=\"flex mob:border-transparent py-24px\">\n<div class=\"flex-grow\">\n<h3 class=\"font-semibold text-24 mb-16px\">D\u00e1vkovanie<\/h3>\n<div class=\"text-16 markdown-body\">\n<h4>1 polievkov\u00fa ly\u017eicu koncentr\u00e1tu priamo prehltneme a zapijeme dostato\u010dn\u00fdm mno\u017estvom vody alebo priprav\u00edme \u010daj tak, \u017ee nariedime 1 polievkov\u00fa ly\u017eicu koncentr\u00e1tu teplou, prevarenou vodou a postupne pop\u00edjame. U\u017e\u00edvame 3\u00d7 denne pred jedlom alebo medzi jedlami. Po 3 t\u00fd\u017ed\u0148och u\u017e\u00edvania odpor\u00fa\u010dame 1 t\u00fd\u017ede\u0148 pauzu.<\/h4>\n<p>D\u00e1vka pre deti: 1 k\u00e1vov\u00e1 ly\u017ei\u010dka 2\u00d7 denne Vhodn\u00e9 pre deti od 6 rokov.<\/p>\n<\/div>\n<\/div>\n<\/div>\n<\/div>\n","protected":false},"excerpt":{"rendered":"<div class=\"font-semibold text-16 text-black mb-16px\">250 ml<\/div>\n<div class=\"leading-6 text-16\">\n<pre class=\"font-minion font-normal leading-6 text-16\">k\u013aby, kosti, chrbtica<\/pre>\n<\/div>\n","protected":false},"featured_media":1210,"comment_status":"open","ping_status":"closed","template":"","meta":{"site-sidebar-layout":"default","site-content-layout":"","ast-site-content-layout":"default","site-content-style":"default","site-sidebar-style":"default","ast-global-header-display":"","ast-banner-title-visibility":"","ast-main-header-display":"","ast-hfb-above-header-display":"","ast-hfb-below-header-display":"","ast-hfb-mobile-header-display":"","site-post-title":"","ast-breadcrumbs-content":"","ast-featured-img":"","footer-sml-layout":"","theme-transparent-header-meta":"default","adv-header-id-meta":"","stick-header-meta":"","header-above-stick-meta":"","header-main-stick-meta":"","header-below-stick-meta":"","astra-migrate-meta-layouts":"set","ast-page-background-enabled":"default","ast-page-background-meta":{"desktop":{"background-color":"var(--ast-global-color-4)","background-image":"","background-repeat":"repeat","background-position":"center center","background-size":"auto","background-attachment":"scroll","background-type":"","background-media":"","overlay-type":"","overlay-color":"","overlay-opacity":"","overlay-gradient":""},"tablet":{"background-color":"","background-image":"","background-repeat":"repeat","background-position":"center center","background-size":"auto","background-attachment":"scroll","background-type":"","background-media":"","overlay-type":"","overlay-color":"","overlay-opacity":"","overlay-gradient":""},"mobile":{"background-color":"","background-image":"","background-repeat":"repeat","background-position":"center center","background-size":"auto","background-attachment":"scroll","background-type":"","background-media":"","overlay-type":"","overlay-color":"","overlay-opacity":"","overlay-gradient":""}},"ast-content-background-meta":{"desktop":{"background-color":"var(--ast-global-color-5)","background-image":"","background-repeat":"repeat","background-position":"center center","background-size":"auto","background-attachment":"scroll","background-type":"","background-media":"","overlay-type":"","overlay-color":"","overlay-opacity":"","overlay-gradient":""},"tablet":{"background-color":"var(--ast-global-color-5)","background-image":"","background-repeat":"repeat","background-position":"center center","background-size":"auto","background-attachment":"scroll","background-type":"","background-media":"","overlay-type":"","overlay-color":"","overlay-opacity":"","overlay-gradient":""},"mobile":{"background-color":"var(--ast-global-color-5)","background-image":"","background-repeat":"repeat","background-position":"center center","background-size":"auto","background-attachment":"scroll","background-type":"","background-media":"","overlay-type":"","overlay-color":"","overlay-opacity":"","overlay-gradient":""}}},"product_cat":[58],"product_tag":[],"class_list":{"0":"post-1209","1":"product","2":"type-product","3":"status-publish","4":"has-post-thumbnail","6":"product_cat-unikatne-produkty","7":"desktop-align-center","8":"tablet-align-center","9":"mobile-align-center","11":"first","12":"instock","13":"taxable","14":"shipping-taxable","15":"purchasable","16":"product-type-simple"},"_links":{"self":[{"href":"https:\/\/mmtest1.top\/index.php?rest_route=\/wp\/v2\/product\/1209","targetHints":{"allow":["GET"]}}],"collection":[{"href":"https:\/\/mmtest1.top\/index.php?rest_route=\/wp\/v2\/product"}],"about":[{"href":"https:\/\/mmtest1.top\/index.php?rest_route=\/wp\/v2\/types\/product"}],"replies":[{"embeddable":true,"href":"https:\/\/mmtest1.top\/index.php?rest_route=%2Fwp%2Fv2%2Fcomments&post=1209"}],"wp:featuredmedia":[{"embeddable":true,"href":"https:\/\/mmtest1.top\/index.php?rest_route=\/wp\/v2\/media\/1210"}],"wp:attachment":[{"href":"https:\/\/mmtest1.top\/index.php?rest_route=%2Fwp%2Fv2%2Fmedia&parent=1209"}],"wp:term":[{"taxonomy":"product_cat","embeddable":true,"href":"https:\/\/mmtest1.top\/index.php?rest_route=%2Fwp%2Fv2%2Fproduct_cat&post=1209"},{"taxonomy":"product_tag","embeddable":true,"href":"https:\/\/mmtest1.top\/index.php?rest_route=%2Fwp%2Fv2%2Fproduct_tag&post=1209"}],"curies":[{"name":"wp","href":"https:\/\/api.w.org\/{rel}","templated":true}]}}