{"id":1182,"date":"2023-12-04T20:57:32","date_gmt":"2023-12-04T19:57:32","guid":{"rendered":"https:\/\/mmtest1.top\/?post_type=product&#038;p=1182"},"modified":"2023-12-04T20:57:32","modified_gmt":"2023-12-04T19:57:32","slug":"prostatin-sypany-caj","status":"publish","type":"product","link":"https:\/\/mmtest1.top\/?product=prostatin-sypany-caj","title":{"rendered":"Prostatin \u2013 sypan\u00fd \u010daj"},"content":{"rendered":"<h2 class=\"text-green text-h32 font-bold mb-24px\">Ako pr\u00edpravok p\u00f4sob\u00ed<\/h2>\n<pre class=\"leading-6 mb-16px font-minion\">Viac o vysoko kvalitnom bylinnom \u010daji Prostatin sa dozviete ni\u017e\u0161ie:<\/pre>\n<div class=\"flex bg-white py-32px items-center pr-100px border border-EBE9E6 rounded-sm mb-24px ml-28px mob:flex-col mob:items-start mob:pr-24px mob:hidden\">\n<h3 class=\"w-full flex items-center text-green text-h2 font-bold -ml-28px leading-7 pr-28px mob:pr-0 mob:w-auto mob:mb-16px\"><span class=\"rounded-full bg-FAFAF9 border border-EBE9E6 mr-16px flex flex-shrink-0 w-55px h-55px text-green font-bold text-22 items-center justify-center\">1.<\/span>Napom\u00e1ha norm\u00e1lnemu fungovaniu prostaty.<\/h3>\n<div class=\"w-full pl-28px mob:pl-45px\">V\u0148a\u0165 v\u0155bovky m\u00e1lokvetej napom\u00e1ha norm\u00e1lnemu fungovaniu prostaty.<\/div>\n<\/div>\n<div class=\"flex bg-white py-32px items-center pr-100px border border-EBE9E6 rounded-sm mb-24px ml-28px mob:flex-col mob:items-start mob:pr-24px mob:hidden\">\n<h3 class=\"w-full flex items-center text-green text-h2 font-bold -ml-28px leading-7 pr-28px mob:pr-0 mob:w-auto mob:mb-16px\"><span class=\"rounded-full bg-FAFAF9 border border-EBE9E6 mr-16px flex flex-shrink-0 w-55px h-55px text-green font-bold text-22 items-center justify-center\">2.<\/span>Podporuje mo\u010dov\u00e9 \u00fastrojenstvo.<\/h3>\n<div class=\"w-full pl-28px mob:pl-45px\">K spr\u00e1vnemu stavu a fungovaniu mo\u010dov\u00e9ho \u00fastrojenstva prispievaj\u00fa list brezy, v\u0148a\u0165 v\u0155bovky, vresu a zlatoby\u013ea.<\/div>\n<\/div>\n<div class=\"flex bg-white py-32px items-center pr-100px border border-EBE9E6 rounded-sm mb-24px ml-28px mob:flex-col mob:items-start mob:pr-24px mob:hidden\">\n<h3 class=\"w-full flex items-center text-green text-h2 font-bold -ml-28px leading-7 pr-28px mob:pr-0 mob:w-auto mob:mb-16px\"><span class=\"rounded-full bg-FAFAF9 border border-EBE9E6 mr-16px flex flex-shrink-0 w-55px h-55px text-green font-bold text-22 items-center justify-center\">3.<\/span>Priaznivo p\u00f4sob\u00ed na funkciu pohlavn\u00fdch org\u00e1nov.<\/h3>\n<div class=\"w-full pl-28px mob:pl-45px\">Kotvi\u010dn\u00edk zemn\u00fd podporuje funkciu pohlavn\u00fdch org\u00e1nov a energiu v tele.<\/div>\n<\/div>\n<div class=\"flex bg-white py-32px items-center pr-100px border border-EBE9E6 rounded-sm mb-24px ml-28px mob:flex-col mob:items-start mob:pr-24px mob:hidden\">\n<h3 class=\"w-full flex items-center text-green text-h2 font-bold -ml-28px leading-7 pr-28px mob:pr-0 mob:w-auto mob:mb-16px\"><span class=\"rounded-full bg-FAFAF9 border border-EBE9E6 mr-16px flex flex-shrink-0 w-55px h-55px text-green font-bold text-22 items-center justify-center\">4.<\/span>Podporuje obli\u010dky a vylu\u010dovanie.<\/h3>\n<div class=\"w-full pl-28px mob:pl-45px\">List brezy, vresov\u00e1 v\u0148a\u0165 a kore\u0148 ligur\u010deka podporuj\u00fa obli\u010dky. Ligur\u010dek lek\u00e1rsky tie\u017e napom\u00e1ha vylu\u010dovaniu.<\/div>\n<div>\n<div class=\"flex border-b border-EBE9E6 border-dashed pb-24px mt-24px mob:flex-col\">\n<div class=\"flex-grow mob:border-b mob:border-EBE9E6 mob:border-dashed mob:pb-16px mob:mb-24px mr-28px\">\n<h3 class=\"font-semibold text-24 mb-16px\">EAN<\/h3>\n<div class=\"text-16\">8595634800833<\/div>\n<\/div>\n<\/div>\n<div class=\"flex border-b border-EBE9E6 border-dashed pb-24px mt-24px mob:flex-col\">\n<div class=\"flex-grow mob:border-b mob:border-EBE9E6 mob:border-dashed mob:pb-16px mob:mb-24px mr-28px\">\n<h3 class=\"font-semibold text-24 mb-16px\">Objem<\/h3>\n<div class=\"text-16\">50 g<\/div>\n<\/div>\n<div class=\"flex-grow\">\n<h3 class=\"font-semibold text-24 mb-16px\">Zlo\u017eenie<\/h3>\n<div class=\"text-16\">breza previsnut\u00e1 list, v\u0155bovka m\u00e1lokvet\u00e1 v\u0148a\u0165, cel\u00edk zlatoby\u013e v\u0148a\u0165, vres oby\u010dajn\u00fd v\u0148a\u0165, kotvi\u010dn\u00edk podzemn\u00fd v\u0148a\u0165, ligur\u010dek lek\u00e1rsky kore\u0148<\/div>\n<\/div>\n<\/div>\n<div class=\"flex mob:border-transparent py-24px\">\n<div class=\"flex-grow\">\n<h3 class=\"font-semibold text-24 mb-16px\">D\u00e1vkovanie<\/h3>\n<div class=\"text-16 markdown-body\">Jednu polievkov\u00fa ly\u017eicu zmesi zalejeme 0,25 litrom vriacej vody a nech\u00e1me asi 10 min\u00fat vyl\u00fahova\u0165, potom sced\u00edme. Odpor\u00fa\u010dame pi\u0165 2\u20133\u00d7 denne<\/div>\n<\/div>\n<\/div>\n<\/div>\n<\/div>\n","protected":false},"excerpt":{"rendered":"<div class=\"font-semibold text-16 text-black mb-16px\">50 g<\/div>\n<div class=\"leading-6 text-16\">\n<h4><span class=\"Y2IQFc\" lang=\"sk\">prostata, mo\u010dov\u00e9 \u00fastrojenstvo, pohlavn\u00e9 org\u00e1ny a vylu\u010dovanie<\/span><\/h4>\n<\/div>\n","protected":false},"featured_media":1183,"comment_status":"open","ping_status":"closed","template":"","meta":{"site-sidebar-layout":"default","site-content-layout":"","ast-site-content-layout":"default","site-content-style":"default","site-sidebar-style":"default","ast-global-header-display":"","ast-banner-title-visibility":"","ast-main-header-display":"","ast-hfb-above-header-display":"","ast-hfb-below-header-display":"","ast-hfb-mobile-header-display":"","site-post-title":"","ast-breadcrumbs-content":"","ast-featured-img":"","footer-sml-layout":"","theme-transparent-header-meta":"default","adv-header-id-meta":"","stick-header-meta":"","header-above-stick-meta":"","header-main-stick-meta":"","header-below-stick-meta":"","astra-migrate-meta-layouts":"set","ast-page-background-enabled":"default","ast-page-background-meta":{"desktop":{"background-color":"var(--ast-global-color-4)","background-image":"","background-repeat":"repeat","background-position":"center center","background-size":"auto","background-attachment":"scroll","background-type":"","background-media":"","overlay-type":"","overlay-color":"","overlay-opacity":"","overlay-gradient":""},"tablet":{"background-color":"","background-image":"","background-repeat":"repeat","background-position":"center center","background-size":"auto","background-attachment":"scroll","background-type":"","background-media":"","overlay-type":"","overlay-color":"","overlay-opacity":"","overlay-gradient":""},"mobile":{"background-color":"","background-image":"","background-repeat":"repeat","background-position":"center center","background-size":"auto","background-attachment":"scroll","background-type":"","background-media":"","overlay-type":"","overlay-color":"","overlay-opacity":"","overlay-gradient":""}},"ast-content-background-meta":{"desktop":{"background-color":"var(--ast-global-color-5)","background-image":"","background-repeat":"repeat","background-position":"center center","background-size":"auto","background-attachment":"scroll","background-type":"","background-media":"","overlay-type":"","overlay-color":"","overlay-opacity":"","overlay-gradient":""},"tablet":{"background-color":"var(--ast-global-color-5)","background-image":"","background-repeat":"repeat","background-position":"center center","background-size":"auto","background-attachment":"scroll","background-type":"","background-media":"","overlay-type":"","overlay-color":"","overlay-opacity":"","overlay-gradient":""},"mobile":{"background-color":"var(--ast-global-color-5)","background-image":"","background-repeat":"repeat","background-position":"center center","background-size":"auto","background-attachment":"scroll","background-type":"","background-media":"","overlay-type":"","overlay-color":"","overlay-opacity":"","overlay-gradient":""}}},"product_cat":[56],"product_tag":[],"class_list":{"0":"post-1182","1":"product","2":"type-product","3":"status-publish","4":"has-post-thumbnail","6":"product_cat-bylinne-caje","7":"desktop-align-center","8":"tablet-align-center","9":"mobile-align-center","11":"first","12":"instock","13":"taxable","14":"shipping-taxable","15":"purchasable","16":"product-type-simple"},"_links":{"self":[{"href":"https:\/\/mmtest1.top\/index.php?rest_route=\/wp\/v2\/product\/1182","targetHints":{"allow":["GET"]}}],"collection":[{"href":"https:\/\/mmtest1.top\/index.php?rest_route=\/wp\/v2\/product"}],"about":[{"href":"https:\/\/mmtest1.top\/index.php?rest_route=\/wp\/v2\/types\/product"}],"replies":[{"embeddable":true,"href":"https:\/\/mmtest1.top\/index.php?rest_route=%2Fwp%2Fv2%2Fcomments&post=1182"}],"wp:featuredmedia":[{"embeddable":true,"href":"https:\/\/mmtest1.top\/index.php?rest_route=\/wp\/v2\/media\/1183"}],"wp:attachment":[{"href":"https:\/\/mmtest1.top\/index.php?rest_route=%2Fwp%2Fv2%2Fmedia&parent=1182"}],"wp:term":[{"taxonomy":"product_cat","embeddable":true,"href":"https:\/\/mmtest1.top\/index.php?rest_route=%2Fwp%2Fv2%2Fproduct_cat&post=1182"},{"taxonomy":"product_tag","embeddable":true,"href":"https:\/\/mmtest1.top\/index.php?rest_route=%2Fwp%2Fv2%2Fproduct_tag&post=1182"}],"curies":[{"name":"wp","href":"https:\/\/api.w.org\/{rel}","templated":true}]}}