{"id":1116,"date":"2023-12-04T17:55:15","date_gmt":"2023-12-04T16:55:15","guid":{"rendered":"https:\/\/mmtest1.top\/?post_type=product&#038;p=1116"},"modified":"2023-12-04T17:55:15","modified_gmt":"2023-12-04T16:55:15","slug":"bystra-mysel-sypany-caj","status":"publish","type":"product","link":"https:\/\/mmtest1.top\/?product=bystra-mysel-sypany-caj","title":{"rendered":"Bystr\u00e1 myse\u013e \u2013 sypan\u00fd \u010daj"},"content":{"rendered":"<h2 class=\"text-green text-h32 font-bold mb-24px\">Ako pr\u00edpravok p\u00f4sob\u00ed<\/h2>\n<pre class=\"leading-6 mb-16px font-minion\">Viac o vysoko kvalitnom bylinnom \u010daji Bystr\u00e1 myse\u013e sa dozviete ni\u017e\u0161ie:<\/pre>\n<div class=\"flex bg-white py-32px items-center pr-100px border border-EBE9E6 rounded-sm mb-24px ml-28px mob:flex-col mob:items-start mob:pr-24px mob:hidden\">\n<h3 class=\"w-full flex items-center text-green text-h2 font-bold -ml-28px leading-7 pr-28px mob:pr-0 mob:w-auto mob:mb-16px\"><span class=\"rounded-full bg-FAFAF9 border border-EBE9E6 mr-16px flex flex-shrink-0 w-55px h-55px text-green font-bold text-22 items-center justify-center\">1.<\/span>Podporuje koncentr\u00e1ciu a u\u010denie.<\/h3>\n<div class=\"w-full pl-28px mob:pl-45px\">Listy zelen\u00e9ho \u010daju podporuj\u00fa koncentr\u00e1ciu a u\u010denie. Spr\u00e1vnemu fungovaniu pam\u00e4te zasa napom\u00e1haj\u00fa listy rozmar\u00ednu.<\/div>\n<\/div>\n<div class=\"flex bg-white py-32px items-center pr-100px border border-EBE9E6 rounded-sm mb-24px ml-28px mob:flex-col mob:items-start mob:pr-24px mob:hidden\">\n<h3 class=\"w-full flex items-center text-green text-h2 font-bold -ml-28px leading-7 pr-28px mob:pr-0 mob:w-auto mob:mb-16px\"><span class=\"rounded-full bg-FAFAF9 border border-EBE9E6 mr-16px flex flex-shrink-0 w-55px h-55px text-green font-bold text-22 items-center justify-center\">2.<\/span>Napom\u00e1ha k prekrveniu mozgu a cievneho syst\u00e9mu.<\/h3>\n<div class=\"w-full pl-28px mob:pl-45px\">Pohanka oby\u010dajn\u00e1 podporuje cievny syst\u00e9m, prasli\u010dka ro\u013en\u00e1 elasticitu ciev a rozmar\u00edn lek\u00e1rsky napom\u00e1ha spr\u00e1vnej funkcii srdca a prispieva k norm\u00e1lnej hladine cholesterolu.<\/div>\n<\/div>\n<div class=\"flex bg-white py-32px items-center pr-100px border border-EBE9E6 rounded-sm mb-24px ml-28px mob:flex-col mob:items-start mob:pr-24px mob:hidden\">\n<h3 class=\"w-full flex items-center text-green text-h2 font-bold -ml-28px leading-7 pr-28px mob:pr-0 mob:w-auto mob:mb-16px\"><span class=\"rounded-full bg-FAFAF9 border border-EBE9E6 mr-16px flex flex-shrink-0 w-55px h-55px text-green font-bold text-22 items-center justify-center\">3.<\/span>Celkov\u00e1 podpora organizmu<\/h3>\n<div class=\"w-full pl-28px mob:pl-45px\">List \u010dierne r\u00edbezle celkovo podporuje organizmu.<\/div>\n<\/div>\n<div class=\"flex bg-white py-32px items-center pr-100px border border-EBE9E6 rounded-sm mb-24px ml-28px mob:flex-col mob:items-start mob:pr-24px mob:hidden\">\n<h3 class=\"w-full flex items-center text-green text-h2 font-bold -ml-28px leading-7 pr-28px mob:pr-0 mob:w-auto mob:mb-16px\"><span class=\"rounded-full bg-FAFAF9 border border-EBE9E6 mr-16px flex flex-shrink-0 w-55px h-55px text-green font-bold text-22 items-center justify-center\">4.<\/span>Napom\u00e1ha k spr\u00e1vnej funkcie u\u0161\u00ed.<\/h3>\n<div class=\"w-full pl-28px mob:pl-45px\">Spr\u00e1vnej funkcii u\u0161\u00ed napom\u00e1haj\u00fa listy zelen\u00e9ho \u010daju.<\/div>\n<div>\n<div class=\"flex border-b border-EBE9E6 border-dashed pb-24px mt-24px mob:flex-col\">\n<div class=\"flex-grow mob:border-b mob:border-EBE9E6 mob:border-dashed mob:pb-16px mob:mb-24px mr-28px\">\n<h3 class=\"font-semibold text-24 mb-16px\">EAN<\/h3>\n<div class=\"text-16\">8595634800604<\/div>\n<\/div>\n<\/div>\n<div class=\"flex border-b border-EBE9E6 border-dashed pb-24px mt-24px mob:flex-col\">\n<div class=\"flex-grow mob:border-b mob:border-EBE9E6 mob:border-dashed mob:pb-16px mob:mb-24px mr-28px\">\n<h3 class=\"font-semibold text-24 mb-16px\">Objem<\/h3>\n<div class=\"text-16\">50 g<\/div>\n<\/div>\n<div class=\"flex-grow\">\n<h3 class=\"font-semibold text-24 mb-16px\">Zlo\u017eenie<\/h3>\n<div class=\"text-16\">zelen\u00fd \u010daj, \u010dierna r\u00edbez\u013ea list, rozmar\u00edn lek\u00e1rsky list, m\u00e4ta pieporn\u00e1 v\u0148a\u0165, pohanka oby\u010dajn\u00e1 v\u0148a\u0165, prasli\u010dka ro\u013en\u00e1 v\u0148a\u0165<\/div>\n<\/div>\n<\/div>\n<div class=\"flex mob:border-transparent py-24px\">\n<div class=\"flex-grow\">\n<h3 class=\"font-semibold text-24 mb-16px\">D\u00e1vkovanie<\/h3>\n<div class=\"text-16 markdown-body\">Jednu polievkov\u00fa ly\u017eicu zmesi zalejeme 0,25 litrom vriacej vody a nech\u00e1me asi 10 min\u00fat vyl\u00fahova\u0165, potom sced\u00edme. Odpor\u00fa\u010dame pi\u0165 2\u20133\u00d7 denne.<\/div>\n<\/div>\n<\/div>\n<\/div>\n<\/div>\n","protected":false},"excerpt":{"rendered":"<div class=\"font-semibold text-16 text-black mb-16px\">50 g<\/div>\n<div class=\"leading-6 text-16\">\n<p class=\"font-minion font-normal leading-6 text-16\">koncentr\u00e1cia, u\u010denie, pam\u00e4\u0165, prekrvenie<\/p>\n<\/div>\n","protected":false},"featured_media":1117,"comment_status":"open","ping_status":"closed","template":"","meta":{"site-sidebar-layout":"default","site-content-layout":"","ast-site-content-layout":"default","site-content-style":"default","site-sidebar-style":"default","ast-global-header-display":"","ast-banner-title-visibility":"","ast-main-header-display":"","ast-hfb-above-header-display":"","ast-hfb-below-header-display":"","ast-hfb-mobile-header-display":"","site-post-title":"","ast-breadcrumbs-content":"","ast-featured-img":"","footer-sml-layout":"","theme-transparent-header-meta":"default","adv-header-id-meta":"","stick-header-meta":"","header-above-stick-meta":"","header-main-stick-meta":"","header-below-stick-meta":"","astra-migrate-meta-layouts":"set","ast-page-background-enabled":"default","ast-page-background-meta":{"desktop":{"background-color":"var(--ast-global-color-4)","background-image":"","background-repeat":"repeat","background-position":"center center","background-size":"auto","background-attachment":"scroll","background-type":"","background-media":"","overlay-type":"","overlay-color":"","overlay-opacity":"","overlay-gradient":""},"tablet":{"background-color":"","background-image":"","background-repeat":"repeat","background-position":"center center","background-size":"auto","background-attachment":"scroll","background-type":"","background-media":"","overlay-type":"","overlay-color":"","overlay-opacity":"","overlay-gradient":""},"mobile":{"background-color":"","background-image":"","background-repeat":"repeat","background-position":"center center","background-size":"auto","background-attachment":"scroll","background-type":"","background-media":"","overlay-type":"","overlay-color":"","overlay-opacity":"","overlay-gradient":""}},"ast-content-background-meta":{"desktop":{"background-color":"var(--ast-global-color-5)","background-image":"","background-repeat":"repeat","background-position":"center center","background-size":"auto","background-attachment":"scroll","background-type":"","background-media":"","overlay-type":"","overlay-color":"","overlay-opacity":"","overlay-gradient":""},"tablet":{"background-color":"var(--ast-global-color-5)","background-image":"","background-repeat":"repeat","background-position":"center center","background-size":"auto","background-attachment":"scroll","background-type":"","background-media":"","overlay-type":"","overlay-color":"","overlay-opacity":"","overlay-gradient":""},"mobile":{"background-color":"var(--ast-global-color-5)","background-image":"","background-repeat":"repeat","background-position":"center center","background-size":"auto","background-attachment":"scroll","background-type":"","background-media":"","overlay-type":"","overlay-color":"","overlay-opacity":"","overlay-gradient":""}}},"product_cat":[56],"product_tag":[],"class_list":{"0":"post-1116","1":"product","2":"type-product","3":"status-publish","4":"has-post-thumbnail","6":"product_cat-bylinne-caje","7":"desktop-align-center","8":"tablet-align-center","9":"mobile-align-center","11":"first","12":"instock","13":"taxable","14":"shipping-taxable","15":"purchasable","16":"product-type-simple"},"_links":{"self":[{"href":"https:\/\/mmtest1.top\/index.php?rest_route=\/wp\/v2\/product\/1116","targetHints":{"allow":["GET"]}}],"collection":[{"href":"https:\/\/mmtest1.top\/index.php?rest_route=\/wp\/v2\/product"}],"about":[{"href":"https:\/\/mmtest1.top\/index.php?rest_route=\/wp\/v2\/types\/product"}],"replies":[{"embeddable":true,"href":"https:\/\/mmtest1.top\/index.php?rest_route=%2Fwp%2Fv2%2Fcomments&post=1116"}],"wp:featuredmedia":[{"embeddable":true,"href":"https:\/\/mmtest1.top\/index.php?rest_route=\/wp\/v2\/media\/1117"}],"wp:attachment":[{"href":"https:\/\/mmtest1.top\/index.php?rest_route=%2Fwp%2Fv2%2Fmedia&parent=1116"}],"wp:term":[{"taxonomy":"product_cat","embeddable":true,"href":"https:\/\/mmtest1.top\/index.php?rest_route=%2Fwp%2Fv2%2Fproduct_cat&post=1116"},{"taxonomy":"product_tag","embeddable":true,"href":"https:\/\/mmtest1.top\/index.php?rest_route=%2Fwp%2Fv2%2Fproduct_tag&post=1116"}],"curies":[{"name":"wp","href":"https:\/\/api.w.org\/{rel}","templated":true}]}}