{"id":1078,"date":"2023-12-01T08:41:34","date_gmt":"2023-12-01T07:41:34","guid":{"rendered":"https:\/\/mmtest1.top\/?post_type=product&#038;p=1078"},"modified":"2023-12-01T08:53:32","modified_gmt":"2023-12-01T07:53:32","slug":"kapucinka-tinktura-z-pupenov","status":"publish","type":"product","link":"https:\/\/mmtest1.top\/?product=kapucinka-tinktura-z-pupenov","title":{"rendered":"Kapuc\u00ednka \u2013 tinkt\u00fara z pupe\u0148ov"},"content":{"rendered":"<h1 class=\"text-36 text-green mt-32px mb-8px font-bold mob:pt-16px mob:border-t mob:border-EBE9E6 mob:mt-24px\">Kapuc\u00ednka \u2013 tinkt\u00fara z pupe\u0148ov<\/h1>\n<div class=\"font-semibold text-16 text-black mb-16px\">50 ml<\/div>\n<div class=\"leading-6 text-16\">\n<h4>prechladnutie, vir\u00f3zy, mo\u010dov\u00e9 cesty, obli\u010dky, imunita<\/h4>\n<\/div>\n<p>&nbsp;<\/p>\n<div class=\"flex bg-white py-32px items-center pr-100px border border-EBE9E6 rounded-sm mb-24px ml-28px mob:flex-col mob:items-start mob:pr-24px mob:hidden\">\n<h3 class=\"w-full flex items-center text-green text-h2 font-bold -ml-28px leading-7 pr-28px mob:pr-0 mob:w-auto mob:mb-16px\"><span class=\"rounded-full bg-FAFAF9 border border-EBE9E6 mr-16px flex flex-shrink-0 w-55px h-55px text-green font-bold text-22 items-center justify-center\">1.<\/span>Priaznivo p\u00f4sob\u00ed pri vir\u00f3zach, prechladnutiach, z\u00e1paloch.<\/h3>\n<div class=\"w-full pl-28px mob:pl-45px\">Kapuc\u00ednka priaznivo p\u00f4sob\u00ed pri vir\u00f3zach, prechladnut\u00ed, z\u00e1paloch mo\u010dov\u00e9ho mech\u00fara.<\/div>\n<\/div>\n<div class=\"flex bg-white py-32px items-center pr-100px border border-EBE9E6 rounded-sm mb-24px ml-28px mob:flex-col mob:items-start mob:pr-24px mob:hidden\">\n<h3 class=\"w-full flex items-center text-green text-h2 font-bold -ml-28px leading-7 pr-28px mob:pr-0 mob:w-auto mob:mb-16px\"><span class=\"rounded-full bg-FAFAF9 border border-EBE9E6 mr-16px flex flex-shrink-0 w-55px h-55px text-green font-bold text-22 items-center justify-center\">2.<\/span>Napom\u00e1ha pri imunite, pr\u00edrodn\u00e9 antibiotikum.<\/h3>\n<div class=\"w-full pl-28px mob:pl-45px\">Je vhodn\u00e1 na podporu prirodzenej imunity, p\u00f4sob\u00ed ako pr\u00edrodn\u00e9 antibiotikum.<\/div>\n<\/div>\n<div class=\"flex bg-white py-32px items-center pr-100px border border-EBE9E6 rounded-sm mb-24px ml-28px mob:flex-col mob:items-start mob:pr-24px mob:hidden\">\n<h3 class=\"w-full flex items-center text-green text-h2 font-bold -ml-28px leading-7 pr-28px mob:pr-0 mob:w-auto mob:mb-16px\"><span class=\"rounded-full bg-FAFAF9 border border-EBE9E6 mr-16px flex flex-shrink-0 w-55px h-55px text-green font-bold text-22 items-center justify-center\">3.<\/span>Priaznivo p\u00f4sob\u00ed pri \u010drevn\u00fdch infekci\u00e1ch, gynekologick\u00fdch z\u00e1paloch, pri z\u00e1paloch obli\u010diek, \u010deln\u00fdch dut\u00edn.<\/h3>\n<div class=\"w-full pl-28px mob:pl-45px\">Priaznivo p\u00f4sob\u00ed pri \u010drevn\u00fdch infekci\u00e1ch, gynekologick\u00fdch z\u00e1paloch, pri z\u00e1paloch obli\u010diek, \u010deln\u00fdch dut\u00edn.<\/div>\n<\/div>\n<div class=\"flex bg-white py-32px items-center pr-100px border border-EBE9E6 rounded-sm mb-24px ml-28px mob:flex-col mob:items-start mob:pr-24px mob:hidden\">\n<h3 class=\"w-full flex items-center text-green text-h2 font-bold -ml-28px leading-7 pr-28px mob:pr-0 mob:w-auto mob:mb-16px\"><span class=\"rounded-full bg-FAFAF9 border border-EBE9E6 mr-16px flex flex-shrink-0 w-55px h-55px text-green font-bold text-22 items-center justify-center\">4.<\/span>P\u00f4sob\u00ed proti streptokokom, stafylokokom, e-coli, niektor\u00fdm druhom salmonel.<\/h3>\n<div class=\"w-full pl-28px mob:pl-45px\">Kapuc\u00ednka p\u00f4sob\u00ed proti streptokokom, stafylokokom, e-coli, niektor\u00fdm druhom salmonel.<\/div>\n<\/div>\n<div><\/div>\n<div>\n<div class=\"flex border-b border-EBE9E6 border-dashed pb-24px mt-24px mob:flex-col\">\n<div class=\"flex-grow mob:border-b mob:border-EBE9E6 mob:border-dashed mob:pb-16px mob:mb-24px mr-28px\">\n<h3 class=\"font-semibold text-24 mb-16px\">EAN<\/h3>\n<div class=\"text-16\">8595634802400<\/div>\n<\/div>\n<\/div>\n<div class=\"flex border-b border-EBE9E6 border-dashed pb-24px mt-24px mob:flex-col\">\n<div class=\"flex-grow mob:border-b mob:border-EBE9E6 mob:border-dashed mob:pb-16px mob:mb-24px mr-28px\">\n<h3 class=\"font-semibold text-24 mb-16px\">Objem<\/h3>\n<div class=\"text-16\">50 ml<\/div>\n<\/div>\n<div class=\"flex-grow\">\n<h3 class=\"font-semibold text-24 mb-16px\">Zlo\u017eenie<\/h3>\n<div class=\"text-16\">destilovan\u00e1 voda, etanol, glycer\u00edn, extrakt z pupe\u0148ov kapuc\u00ednky v\u00e4\u010d\u0161ej 5 g v 50 ml pr\u00edpravku (l\u00fahovitos\u0165 37,5 %)<\/div>\n<\/div>\n<\/div>\n<div class=\"flex mob:border-transparent py-24px\">\n<div class=\"flex-grow\">\n<h3 class=\"font-semibold text-24 mb-16px\">D\u00e1vkovanie<\/h3>\n<div class=\"text-16 markdown-body\"><span class=\"TextRun SCXW75702565 BCX8\" lang=\"SK-SK\" xml:lang=\"SK-SK\" data-contrast=\"none\"><span class=\"NormalTextRun SCXW75702565 BCX8\">1 kvapka na 1 kg telesnej hmotnosti, rozdeli\u0165 na 2\u20133 \u010diastkov\u00e9 d\u00e1vky za de\u0148<\/span><\/span><span class=\"EOP SCXW75702565 BCX8\" data-ccp-props=\"{&quot;201341983&quot;:0,&quot;335559739&quot;:160,&quot;335559740&quot;:259}\">\u00a0<\/span><\/div>\n<\/div>\n<\/div>\n<\/div>\n","protected":false},"excerpt":{"rendered":"<div class=\"font-semibold text-16 text-black mb-16px\">50 ml<\/div>\n<div class=\"leading-6 text-16\">\n<h4>prechladnutie, vir\u00f3zy, mo\u010dov\u00e9 cesty, obli\u010dky, imunita<\/h4>\n<\/div>\n","protected":false},"featured_media":1079,"comment_status":"open","ping_status":"closed","template":"","meta":{"site-sidebar-layout":"default","site-content-layout":"","ast-site-content-layout":"default","site-content-style":"default","site-sidebar-style":"default","ast-global-header-display":"","ast-banner-title-visibility":"","ast-main-header-display":"","ast-hfb-above-header-display":"","ast-hfb-below-header-display":"","ast-hfb-mobile-header-display":"","site-post-title":"","ast-breadcrumbs-content":"","ast-featured-img":"","footer-sml-layout":"","theme-transparent-header-meta":"default","adv-header-id-meta":"","stick-header-meta":"","header-above-stick-meta":"","header-main-stick-meta":"","header-below-stick-meta":"","astra-migrate-meta-layouts":"set","ast-page-background-enabled":"default","ast-page-background-meta":{"desktop":{"background-color":"var(--ast-global-color-4)","background-image":"","background-repeat":"repeat","background-position":"center center","background-size":"auto","background-attachment":"scroll","background-type":"","background-media":"","overlay-type":"","overlay-color":"","overlay-opacity":"","overlay-gradient":""},"tablet":{"background-color":"","background-image":"","background-repeat":"repeat","background-position":"center center","background-size":"auto","background-attachment":"scroll","background-type":"","background-media":"","overlay-type":"","overlay-color":"","overlay-opacity":"","overlay-gradient":""},"mobile":{"background-color":"","background-image":"","background-repeat":"repeat","background-position":"center center","background-size":"auto","background-attachment":"scroll","background-type":"","background-media":"","overlay-type":"","overlay-color":"","overlay-opacity":"","overlay-gradient":""}},"ast-content-background-meta":{"desktop":{"background-color":"var(--ast-global-color-5)","background-image":"","background-repeat":"repeat","background-position":"center center","background-size":"auto","background-attachment":"scroll","background-type":"","background-media":"","overlay-type":"","overlay-color":"","overlay-opacity":"","overlay-gradient":""},"tablet":{"background-color":"var(--ast-global-color-5)","background-image":"","background-repeat":"repeat","background-position":"center center","background-size":"auto","background-attachment":"scroll","background-type":"","background-media":"","overlay-type":"","overlay-color":"","overlay-opacity":"","overlay-gradient":""},"mobile":{"background-color":"var(--ast-global-color-5)","background-image":"","background-repeat":"repeat","background-position":"center center","background-size":"auto","background-attachment":"scroll","background-type":"","background-media":"","overlay-type":"","overlay-color":"","overlay-opacity":"","overlay-gradient":""}}},"product_cat":[55],"product_tag":[],"class_list":{"0":"post-1078","1":"product","2":"type-product","3":"status-publish","4":"has-post-thumbnail","6":"product_cat-tinktury","7":"desktop-align-center","8":"tablet-align-center","9":"mobile-align-center","11":"first","12":"instock","13":"taxable","14":"shipping-taxable","15":"purchasable","16":"product-type-simple"},"_links":{"self":[{"href":"https:\/\/mmtest1.top\/index.php?rest_route=\/wp\/v2\/product\/1078","targetHints":{"allow":["GET"]}}],"collection":[{"href":"https:\/\/mmtest1.top\/index.php?rest_route=\/wp\/v2\/product"}],"about":[{"href":"https:\/\/mmtest1.top\/index.php?rest_route=\/wp\/v2\/types\/product"}],"replies":[{"embeddable":true,"href":"https:\/\/mmtest1.top\/index.php?rest_route=%2Fwp%2Fv2%2Fcomments&post=1078"}],"wp:featuredmedia":[{"embeddable":true,"href":"https:\/\/mmtest1.top\/index.php?rest_route=\/wp\/v2\/media\/1079"}],"wp:attachment":[{"href":"https:\/\/mmtest1.top\/index.php?rest_route=%2Fwp%2Fv2%2Fmedia&parent=1078"}],"wp:term":[{"taxonomy":"product_cat","embeddable":true,"href":"https:\/\/mmtest1.top\/index.php?rest_route=%2Fwp%2Fv2%2Fproduct_cat&post=1078"},{"taxonomy":"product_tag","embeddable":true,"href":"https:\/\/mmtest1.top\/index.php?rest_route=%2Fwp%2Fv2%2Fproduct_tag&post=1078"}],"curies":[{"name":"wp","href":"https:\/\/api.w.org\/{rel}","templated":true}]}}